{"id":18087,"date":"2012-03-15T01:24:31","date_gmt":"2012-03-15T01:24:31","guid":{"rendered":"http:\/\/ginarte.com\/legal-victories-pt\/"},"modified":"2023-02-16T15:33:51","modified_gmt":"2023-02-16T15:33:51","slug":"legal-victories-pt","status":"publish","type":"page","link":"https:\/\/www.ginarte.com\/pt-br\/legal-victories-pt\/","title":{"rendered":"Vitoria Legal"},"content":{"rendered":"<div class=\"su-accordion su-u-trim\">\n<div class=\"su-spoiler su-spoiler-style-fancy su-spoiler-icon-plus\" data-scroll-offset=\"0\" data-anchor-in-url=\"no\"><div class=\"su-spoiler-title\" tabindex=\"0\" role=\"button\"><span class=\"su-spoiler-icon\"><\/span>Ginarte - Brasileiro - $3,500,000.00<\/div><div class=\"su-spoiler-content su-u-clearfix su-u-trim\">\n<p>Brasileiro recebe indeniza\u00e7\u00e3o de US$ 3.5 milh\u00f5es em Newark . O imigrante Raul Silva foi atingido por uma viga de ferro quando trabalhava em uma constru\u00e7\u00e3o.<\/p>\n<p>O \u00faltimo dez de junho foi um dia muito especial para o imigrante brasileiro Raul Silva, pois passados quase 4 anos do acidente que por pouco lhe tirou a vida, venceu a batalha judicial travada contra seu empregador. Segundo determina\u00e7\u00f5es do Tribunal  Superior de New Jersey, a empresa Coutinho\u2019s Bakery Corporation ter\u00e1 que indeniz\u00e1-lo em US$3.5 milh\u00f5es por s\u00e9rias les\u00f5es sofridas no local de trabalho. Silva foi representado pelos advogados Jos\u00e9 Ginarte e seu parceiro John O\u2019Dwyer, com escrit\u00f3rio em Newark-NJ.<\/p>\n<p>Acidente grave<\/p>\n<p>Segundo um comunicado emitido pelo escrit\u00f3rio da Ginarte Gonzalez Winograd, L.L.P., o acidente aconteceu em outubro de 2001 na cidade de Newark, New Jersey, quando Raul foi atingido por uma viga de ferro enquanto trabalhava numa obra de constru\u00e7\u0101o. Silva sofreu ferimentos graves e foi levado de ambul\u00e2ncia ao hospital local, onde ficou inconsciente por aproximadamente tr\u00eas semanas. Em decorr\u00eancia do acidente, Raul perdeu a mem\u00f3ria, o que o impede atualmente de voltar a trabalhar.<\/p>\n<p>A\u00e7\u00e3o judicial<\/p>\n<p>O advogado Jos\u00e9 Ginarte acionou judicialmente a Vieira\u2019s Bakery Corporation e o empresario Carlos Vieira\u2019s por neglig\u00eancia no local de trabalho. \u201cEsta vit\u00f3ria representa um grande triunfo para o Sr. Silva e sua familia, j\u00e1 que conseguimos provar que a companhia Vieira\u2019s Bakery n\u0101o tinha cumprido com as normas federais de seguran\u00e7a no trabalho e o acidente foi causado ao violar estas leis de seguranca\u201d, comentou Ginarte. A equipe legal do Dr. Ginarte tambem conseguiu provar que a empresa n\u0101o supervisionava apropriadamente a constru\u00e7\u0101o, comprometendo a seguran\u00e7a do tralbalhador. O processo foi apresentado no Tribual Superior de New Jersey.<\/p>\n<p>Seguran\u00e7a no trabalho<\/p>\n<p>As doen\u00e7as profissionais e os acidentes de trabalho constituem um problema de sa\u00fade p\u00fablica importante em todo o mundo. As estimativas da Organiza\u00e7\u00e3o Internacional do Trabalho (OIT), que revelam a ocorr\u00eancia anual de 160 milh\u00f5es de doen\u00e7as profissionais, 250 milh\u00f5es de acidentes de trabalho e 330 mil \u00f3bitos, baseiam-se somente em doen\u00e7as n\u0101o transmissiveis. O problema dos acidentes de trabalho assume maiores propor\u00e7\u014des do que as estat\u00edsticas existentes permitem estimar, e o seu dimensionamento real, inclusive quanto ao custo social; tem sido dificultado por diversos fatores. As consequ\u00eancias destas mortes s\u0101o t\u0101o pesadas, para a familia e para a empresa, que mais vale apostar na seguran\u00e7a. O pre\u00e7o a pagar \u00e9 demasiado alto quer para o trabalhador, quer para a empresa, que \u00e9 obrigada a pagar indenza\u00e7\u014des \u00e0 fam\u00edlia do trabalhador e v\u00ea a sua reputa\u00e7\u0101o manchada por mortes e acidentes que, na maioria  das vezes, poderiam ser evitados.<\/p>\n<p>Assist\u00eancia legal<\/p>\n<p>O Advogado Jos\u00e9 Ginarte foi presidente do Col\u00e9gio de Advogados Latino-americanos de New Jersey e h\u00e1 mais de vinte e tr\u00eas anos representa as vitimas de todo tipo acidentes causados por neglig\u00eancia. Atualmente, ele conta com seis escrit\u00f3rios em New Jersey e New York. O escrit\u00f3rio da Ginarte, Gonzalez, &amp; Winograd, L.L.P., \u00e9 considerado um dos maiores nos dois estados, representando v\u00e1rios clientes feridos em acidentes de trabaho. Anualmente, s\u0101o in\u00fameras as pessoas que visitam os seus escrit\u00f3rios em New York, Newark, Elizabeth, Union City, Clifton e Perth Amboy para representa\u00e7\u0101o legal. Informa\u00e7\u014des pelo tel.: 1(888) GINARTE.<\/p>\n<\/div><\/div>\n<div class=\"su-spoiler su-spoiler-style-fancy su-spoiler-icon-plus su-spoiler-closed\" data-scroll-offset=\"0\" data-anchor-in-url=\"no\"><div class=\"su-spoiler-title\" tabindex=\"0\" role=\"button\"><span class=\"su-spoiler-icon\"><\/span>Ginarte - Imigrante - $1,000,000.00<\/div><div class=\"su-spoiler-content su-u-clearfix su-u-trim\">\nImigrante cai de andaime e recebe 1 milh\u00e3o de dolares.  O brasileiro Jos\u00e9 Nunes sofreu fraturas na coluna vertebral, bra\u00e7os e tornozelos<\/p>\n<p>Um trabalhador da constru\u00e7\u0101o civil recebeu esta semana a quantia de US$ 1 milh\u00e3o devido \u00e0 les\u00f5es sofridas em virtude de um acidente de trabalho. O advogado Jos\u00e9 A. Ginarte e seu associado, John O\u2019Dwyer, anunciaram esta grande vit\u00f3ria jur\u00eddica.<\/p>\n<p>Fraturas m\u00faltiplas<\/p>\n<p>O imigrante brasileiro Jos\u00e9 Nunes, de 27 anos de idade, caiu de um andaime em mar\u00e7o de 1999 quando trabalhava para uma empresa de constru\u00e7\u0101o civil na Cidade de West New York, New Jersey. Jos\u00e9 sofreu v\u00e1rias fraturas, principalmente, na espinha dorsal, bra\u00e7os e tornozelos. O advogado Ginarte empreendeu uma a\u00e7\u0101o nos tribunais contra o empreiteiro encarregado do projeto K. Hovnanian, assim como os outros subcontratantes envolvidos. \u201cEstamos verdadeiramente satisfeitos com esta grande vit\u00f3ria, este caso foi bastante complicado\u201d, declarou Dr. Ginarte.<\/p>\n<p>Os advogados Ginarte e O\u2019Dwyer conseguiram provar em tribunal a culpabilidade do empreiteiro K. Hovnanian, cuja neglig\u00eancia foi a causadora do desastroso acidente. O advogado Ginarte provou que o andaime onde Jos\u00e9 Nunes encontrava-se n\u0101o tinha corrim\u0101o (barras de prote\u00e7\u0101o), uma medida de seguran\u00e7a b\u00e1sica requerida por lei federal.<\/p>\n<p>Vit\u00f3ria surpreendente<\/p>\n<p>O caso estava previsto para ser levado a julgamento no Supremo Tribunal de Justi\u00e7a do Condado de Essex perante o Juiz Theodore Winard, quando os advogados chegaram a um acordo decisivo, proporcionando o desfecho da a\u00e7\u0101o no tribunal. A Jos\u00e9 Nunes, foi outorgada a quantia de US$ 1milh\u00e3o e cinquenta mil d\u00f3lares.<\/p>\n<p>Ajuda \u00e0 fam\u00edlia<\/p>\n<p>\u201cEstou muito contente com esta vit\u00f3ria por saber que agora nada faltar\u00e1 \u00e0 minha fam\u00edlia. Tenho familiares no Brasil e com esse dinheiro poderei finalmente ajud\u00e1-los\u201d, exclamou Jos\u00e9 Nunes.<\/p>\n<p>Ele receber\u00e1 como adiantamento a quantia de US$ 50 mil da Caixa de Previd\u00eancia dos Empregados da Constru\u00e7\u0101o Civil, estipulado pelo Minist\u00e9rio do Trabalho. Os advogados Ginarte e O\u2019Dwyer s\u0101o associados dos escrit\u00f3rios juridicos de Conselheiros Juridicos da Ginarte Gonzalez &#038; Winograd, LLP, os quais possuem escrit\u00f3rios espalhados nas respectivas cidades: New York, Newark, Elizabeth, Union City, Clifton e Perth Amboy com um efetivo de 21 advogados.<\/p>\n<p>Varias \u00e1reas de atua\u00e7\u00e3o<\/p>\n<p>Os advogados da Ginarte Gonzalez Winograd, L.L.P., dedicam-se exclusivamente \u00e0 representa\u00e7\u0101o de vitimas de acidentes de avia\u00e7\u0101o, neglig\u00eancia m\u00e9dica, acidentes de trabalho, discrmina\u00e7\u0101o trabalhista, productos defeituosos e seguran\u00e7a social por incapacidade fisica. Os escrit\u00f3rios ficam localizados nos respectivos endere\u00e7os:<\/p>\n<p>400 Market Street, Newark-NJ. Telefone (973) 854-8400<br \/>\n948 Elizabeth Avenue, Elizabeth-NJ. Telefone (908) 372-1700<br \/>\n1137 Main Avenue, Clifton-NJ Telefone (973) 859-5500<br \/>\n4430 Bergenline Avenue, Union City-NJ. Telefone (201) 809-1100<br \/>\n352 New Brunswick Avenue, Perth Amboy-NJ Telefone (732) 376-1911<br \/>\n225 Broadway, New York-NY. Telefone (212) 601-9700<br \/>\n103-24 Roosevelt Avenue, Corona, NY. Telefone (718) 925-6040<\/p>\n<p>Maiores informa\u00e7\u014des podem ser obtidas atrav\u00e9s da central telef\u00f4nica da da Ginarte, Gonzalez, &amp; Winograd, L.L.P., 1-888-GINARTE, a liga\u00e7\u0101o \u00e9 gratis.<br \/>\n<\/div><\/div>\n<\/div>\n","protected":false},"excerpt":{"rendered":"","protected":false},"author":2,"featured_media":0,"parent":0,"menu_order":4,"comment_status":"open","ping_status":"open","template":"","meta":{"_acf_changed":false,"rank_math_lock_modified_date":false,"_genesis_hide_title":false,"_genesis_hide_breadcrumbs":false,"_genesis_hide_singular_image":false,"_genesis_hide_footer_widgets":false,"_genesis_custom_body_class":"","_genesis_custom_post_class":"","_genesis_layout":"","footnotes":""},"class_list":{"0":"post-18087","1":"page","2":"type-page","3":"status-publish","5":"entry"},"acf":[],"rankMath":{"parentDomain":"www.ginarte.com","noFollowDomains":[],"noFollowExcludeDomains":[],"noFollowExternalLinks":true,"featuredImageNotice":"A imagem em destaque deve ter pelo menos 200 por 200 pixels para ser escolhida pelo Facebook e outros sites de m\u00eddia social.","pluginReviewed":false,"postSettings":{"linkSuggestions":true,"useFocusKeyword":false},"frontEndScore":false,"postName":"legal-victories-pt","permalinkFormat":"https:\/\/www.ginarte.com\/pt-br\/%pagename%\/","showLockModifiedDate":true,"assessor":{"focusKeywordLink":"https:\/\/www.ginarte.com\/wp-admin\/edit.php?focus_keyword=%focus_keyword%&post_type=%post_type%","hasTOCPlugin":false,"primaryTaxonomy":false,"serpData":{"title":"Vitoria Legal","description":"Vitoria Legal","focusKeywords":"","pillarContent":false,"canonicalUrl":"","breadcrumbTitle":"","advancedRobots":{"max-snippet":"-1","max-video-preview":"-1","max-image-preview":"large"},"facebookTitle":"","facebookDescription":"","facebookImage":"","facebookImageID":"","facebookHasOverlay":false,"facebookImageOverlay":"","facebookAuthor":"","twitterCardType":"","twitterUseFacebook":true,"twitterTitle":"","twitterDescription":"","twitterImage":"","twitterImageID":"","twitterHasOverlay":false,"twitterImageOverlay":"","twitterPlayerUrl":"","twitterPlayerSize":"","twitterPlayerStream":"","twitterPlayerStreamCtype":"","twitterAppDescription":"","twitterAppIphoneName":"","twitterAppIphoneID":"","twitterAppIphoneUrl":"","twitterAppIpadName":"","twitterAppIpadID":"","twitterAppIpadUrl":"","twitterAppGoogleplayName":"","twitterAppGoogleplayID":"","twitterAppGoogleplayUrl":"","twitterAppCountry":"","robots":{"index":true},"twitterAuthor":"Ginarte_Law","primaryTerm":0,"authorName":"u571","titleTemplate":"%title% %page% %sep% %sitename%","descriptionTemplate":"%excerpt%","showScoreFrontend":true,"lockModifiedDate":false},"powerWords":[],"diacritics":{"A":"[\\u0041\\u24B6\\uFF21\\u00C0\\u00C1\\u00C2\\u1EA6\\u1EA4\\u1EAA\\u1EA8\\u00C3\\u0100\\u0102\\u1EB0\\u1EAE\\u1EB4\\u1EB2\\u0226\\u01E0\\u00C4\\u01DE\\u1EA2\\u00C5\\u01FA\\u01CD\\u0200\\u0202\\u1EA0\\u1EAC\\u1EB6\\u1E00\\u0104\\u023A\\u2C6F]","AA":"[\\uA732]","AE":"[\\u00C6\\u01FC\\u01E2]","AO":"[\\uA734]","AU":"[\\uA736]","AV":"[\\uA738\\uA73A]","AY":"[\\uA73C]","B":"[\\u0042\\u24B7\\uFF22\\u1E02\\u1E04\\u1E06\\u0243\\u0182\\u0181]","C":"[\\u0043\\u24B8\\uFF23\\u0106\\u0108\\u010A\\u010C\\u00C7\\u1E08\\u0187\\u023B\\uA73E]","D":"[\\u0044\\u24B9\\uFF24\\u1E0A\\u010E\\u1E0C\\u1E10\\u1E12\\u1E0E\\u0110\\u018B\\u018A\\u0189\\uA779]","DZ":"[\\u01F1\\u01C4]","Dz":"[\\u01F2\\u01C5]","E":"[\\u0045\\u24BA\\uFF25\\u00C8\\u00C9\\u00CA\\u1EC0\\u1EBE\\u1EC4\\u1EC2\\u1EBC\\u0112\\u1E14\\u1E16\\u0114\\u0116\\u00CB\\u1EBA\\u011A\\u0204\\u0206\\u1EB8\\u1EC6\\u0228\\u1E1C\\u0118\\u1E18\\u1E1A\\u0190\\u018E]","F":"[\\u0046\\u24BB\\uFF26\\u1E1E\\u0191\\uA77B]","G":"[\\u0047\\u24BC\\uFF27\\u01F4\\u011C\\u1E20\\u011E\\u0120\\u01E6\\u0122\\u01E4\\u0193\\uA7A0\\uA77D\\uA77E]","H":"[\\u0048\\u24BD\\uFF28\\u0124\\u1E22\\u1E26\\u021E\\u1E24\\u1E28\\u1E2A\\u0126\\u2C67\\u2C75\\uA78D]","I":"[\\u0049\\u24BE\\uFF29\\u00CC\\u00CD\\u00CE\\u0128\\u012A\\u012C\\u0130\\u00CF\\u1E2E\\u1EC8\\u01CF\\u0208\\u020A\\u1ECA\\u012E\\u1E2C\\u0197]","J":"[\\u004A\\u24BF\\uFF2A\\u0134\\u0248]","K":"[\\u004B\\u24C0\\uFF2B\\u1E30\\u01E8\\u1E32\\u0136\\u1E34\\u0198\\u2C69\\uA740\\uA742\\uA744\\uA7A2]","L":"[\\u004C\\u24C1\\uFF2C\\u013F\\u0139\\u013D\\u1E36\\u1E38\\u013B\\u1E3C\\u1E3A\\u0141\\u023D\\u2C62\\u2C60\\uA748\\uA746\\uA780]","LJ":"[\\u01C7]","Lj":"[\\u01C8]","M":"[\\u004D\\u24C2\\uFF2D\\u1E3E\\u1E40\\u1E42\\u2C6E\\u019C]","N":"[\\u004E\\u24C3\\uFF2E\\u01F8\\u0143\\u00D1\\u1E44\\u0147\\u1E46\\u0145\\u1E4A\\u1E48\\u0220\\u019D\\uA790\\uA7A4]","NJ":"[\\u01CA]","Nj":"[\\u01CB]","O":"[\\u004F\\u24C4\\uFF2F\\u00D2\\u00D3\\u00D4\\u1ED2\\u1ED0\\u1ED6\\u1ED4\\u00D5\\u1E4C\\u022C\\u1E4E\\u014C\\u1E50\\u1E52\\u014E\\u022E\\u0230\\u00D6\\u022A\\u1ECE\\u0150\\u01D1\\u020C\\u020E\\u01A0\\u1EDC\\u1EDA\\u1EE0\\u1EDE\\u1EE2\\u1ECC\\u1ED8\\u01EA\\u01EC\\u00D8\\u01FE\\u0186\\u019F\\uA74A\\uA74C]","OI":"[\\u01A2]","OO":"[\\uA74E]","OU":"[\\u0222]","P":"[\\u0050\\u24C5\\uFF30\\u1E54\\u1E56\\u01A4\\u2C63\\uA750\\uA752\\uA754]","Q":"[\\u0051\\u24C6\\uFF31\\uA756\\uA758\\u024A]","R":"[\\u0052\\u24C7\\uFF32\\u0154\\u1E58\\u0158\\u0210\\u0212\\u1E5A\\u1E5C\\u0156\\u1E5E\\u024C\\u2C64\\uA75A\\uA7A6\\uA782]","S":"[\\u0053\\u24C8\\uFF33\\u1E9E\\u015A\\u1E64\\u015C\\u1E60\\u0160\\u1E66\\u1E62\\u1E68\\u0218\\u015E\\u2C7E\\uA7A8\\uA784]","T":"[\\u0054\\u24C9\\uFF34\\u1E6A\\u0164\\u1E6C\\u021A\\u0162\\u1E70\\u1E6E\\u0166\\u01AC\\u01AE\\u023E\\uA786]","TZ":"[\\uA728]","U":"[\\u0055\\u24CA\\uFF35\\u00D9\\u00DA\\u00DB\\u0168\\u1E78\\u016A\\u1E7A\\u016C\\u00DC\\u01DB\\u01D7\\u01D5\\u01D9\\u1EE6\\u016E\\u0170\\u01D3\\u0214\\u0216\\u01AF\\u1EEA\\u1EE8\\u1EEE\\u1EEC\\u1EF0\\u1EE4\\u1E72\\u0172\\u1E76\\u1E74\\u0244]","V":"[\\u0056\\u24CB\\uFF36\\u1E7C\\u1E7E\\u01B2\\uA75E\\u0245]","VY":"[\\uA760]","W":"[\\u0057\\u24CC\\uFF37\\u1E80\\u1E82\\u0174\\u1E86\\u1E84\\u1E88\\u2C72]","X":"[\\u0058\\u24CD\\uFF38\\u1E8A\\u1E8C]","Y":"[\\u0059\\u24CE\\uFF39\\u1EF2\\u00DD\\u0176\\u1EF8\\u0232\\u1E8E\\u0178\\u1EF6\\u1EF4\\u01B3\\u024E\\u1EFE]","Z":"[\\u005A\\u24CF\\uFF3A\\u0179\\u1E90\\u017B\\u017D\\u1E92\\u1E94\\u01B5\\u0224\\u2C7F\\u2C6B\\uA762]","a":"[\\u0061\\u24D0\\uFF41\\u1E9A\\u00E0\\u00E1\\u00E2\\u1EA7\\u1EA5\\u1EAB\\u1EA9\\u00E3\\u0101\\u0103\\u1EB1\\u1EAF\\u1EB5\\u1EB3\\u0227\\u01E1\\u00E4\\u01DF\\u1EA3\\u00E5\\u01FB\\u01CE\\u0201\\u0203\\u1EA1\\u1EAD\\u1EB7\\u1E01\\u0105\\u2C65\\u0250]","aa":"[\\uA733]","ae":"[\\u00E6\\u01FD\\u01E3]","ao":"[\\uA735]","au":"[\\uA737]","av":"[\\uA739\\uA73B]","ay":"[\\uA73D]","b":"[\\u0062\\u24D1\\uFF42\\u1E03\\u1E05\\u1E07\\u0180\\u0183\\u0253]","c":"[\\u0063\\u24D2\\uFF43\\u0107\\u0109\\u010B\\u010D\\u00E7\\u1E09\\u0188\\u023C\\uA73F\\u2184]","d":"[\\u0064\\u24D3\\uFF44\\u1E0B\\u010F\\u1E0D\\u1E11\\u1E13\\u1E0F\\u0111\\u018C\\u0256\\u0257\\uA77A]","dz":"[\\u01F3\\u01C6]","e":"[\\u0065\\u24D4\\uFF45\\u00E8\\u00E9\\u00EA\\u1EC1\\u1EBF\\u1EC5\\u1EC3\\u1EBD\\u0113\\u1E15\\u1E17\\u0115\\u0117\\u00EB\\u1EBB\\u011B\\u0205\\u0207\\u1EB9\\u1EC7\\u0229\\u1E1D\\u0119\\u1E19\\u1E1B\\u0247\\u025B\\u01DD]","f":"[\\u0066\\u24D5\\uFF46\\u1E1F\\u0192\\uA77C]","g":"[\\u0067\\u24D6\\uFF47\\u01F5\\u011D\\u1E21\\u011F\\u0121\\u01E7\\u0123\\u01E5\\u0260\\uA7A1\\u1D79\\uA77F]","h":"[\\u0068\\u24D7\\uFF48\\u0125\\u1E23\\u1E27\\u021F\\u1E25\\u1E29\\u1E2B\\u1E96\\u0127\\u2C68\\u2C76\\u0265]","hv":"[\\u0195]","i":"[\\u0069\\u24D8\\uFF49\\u00EC\\u00ED\\u00EE\\u0129\\u012B\\u012D\\u00EF\\u1E2F\\u1EC9\\u01D0\\u0209\\u020B\\u1ECB\\u012F\\u1E2D\\u0268\\u0131]","j":"[\\u006A\\u24D9\\uFF4A\\u0135\\u01F0\\u0249]","k":"[\\u006B\\u24DA\\uFF4B\\u1E31\\u01E9\\u1E33\\u0137\\u1E35\\u0199\\u2C6A\\uA741\\uA743\\uA745\\uA7A3]","l":"[\\u006C\\u24DB\\uFF4C\\u0140\\u013A\\u013E\\u1E37\\u1E39\\u013C\\u1E3D\\u1E3B\\u017F\\u0142\\u019A\\u026B\\u2C61\\uA749\\uA781\\uA747]","lj":"[\\u01C9]","m":"[\\u006D\\u24DC\\uFF4D\\u1E3F\\u1E41\\u1E43\\u0271\\u026F]","n":"[\\u006E\\u24DD\\uFF4E\\u01F9\\u0144\\u00F1\\u1E45\\u0148\\u1E47\\u0146\\u1E4B\\u1E49\\u019E\\u0272\\u0149\\uA791\\uA7A5]","nj":"[\\u01CC]","o":"[\\u006F\\u24DE\\uFF4F\\u00F2\\u00F3\\u00F4\\u1ED3\\u1ED1\\u1ED7\\u1ED5\\u00F5\\u1E4D\\u022D\\u1E4F\\u014D\\u1E51\\u1E53\\u014F\\u022F\\u0231\\u00F6\\u022B\\u1ECF\\u0151\\u01D2\\u020D\\u020F\\u01A1\\u1EDD\\u1EDB\\u1EE1\\u1EDF\\u1EE3\\u1ECD\\u1ED9\\u01EB\\u01ED\\u00F8\\u01FF\\u0254\\uA74B\\uA74D\\u0275]","oi":"[\\u01A3]","ou":"[\\u0223]","oo":"[\\uA74F]","p":"[\\u0070\\u24DF\\uFF50\\u1E55\\u1E57\\u01A5\\u1D7D\\uA751\\uA753\\uA755]","q":"[\\u0071\\u24E0\\uFF51\\u024B\\uA757\\uA759]","r":"[\\u0072\\u24E1\\uFF52\\u0155\\u1E59\\u0159\\u0211\\u0213\\u1E5B\\u1E5D\\u0157\\u1E5F\\u024D\\u027D\\uA75B\\uA7A7\\uA783]","s":"[\\u0073\\u24E2\\uFF53\\u015B\\u1E65\\u015D\\u1E61\\u0161\\u1E67\\u1E63\\u1E69\\u0219\\u015F\\u023F\\uA7A9\\uA785\\u1E9B]","ss":"[\\u00DF]","t":"[\\u0074\\u24E3\\uFF54\\u1E6B\\u1E97\\u0165\\u1E6D\\u021B\\u0163\\u1E71\\u1E6F\\u0167\\u01AD\\u0288\\u2C66\\uA787]","tz":"[\\uA729]","u":"[\\u0075\\u24E4\\uFF55\\u00F9\\u00FA\\u00FB\\u0169\\u1E79\\u016B\\u1E7B\\u016D\\u00FC\\u01DC\\u01D8\\u01D6\\u01DA\\u1EE7\\u016F\\u0171\\u01D4\\u0215\\u0217\\u01B0\\u1EEB\\u1EE9\\u1EEF\\u1EED\\u1EF1\\u1EE5\\u1E73\\u0173\\u1E77\\u1E75\\u0289]","v":"[\\u0076\\u24E5\\uFF56\\u1E7D\\u1E7F\\u028B\\uA75F\\u028C]","vy":"[\\uA761]","w":"[\\u0077\\u24E6\\uFF57\\u1E81\\u1E83\\u0175\\u1E87\\u1E85\\u1E98\\u1E89\\u2C73]","x":"[\\u0078\\u24E7\\uFF58\\u1E8B\\u1E8D]","y":"[\\u0079\\u24E8\\uFF59\\u1EF3\\u00FD\\u0177\\u1EF9\\u0233\\u1E8F\\u00FF\\u1EF7\\u1E99\\u1EF5\\u01B4\\u024F\\u1EFF]","z":"[\\u007A\\u24E9\\uFF5A\\u017A\\u1E91\\u017C\\u017E\\u1E93\\u1E95\\u01B6\\u0225\\u0240\\u2C6C\\uA763]"},"researchesTests":["contentHasTOC","contentHasShortParagraphs","contentHasAssets","keywordInTitle","keywordInMetaDescription","keywordInPermalink","keywordIn10Percent","keywordInContent","keywordInSubheadings","keywordInImageAlt","keywordDensity","keywordNotUsed","lengthContent","lengthPermalink","linksHasInternal","linksHasExternals","linksNotAllExternals","titleStartWithKeyword","titleSentiment","titleHasPowerWords","titleHasNumber","hasContentAI"],"hasRedirection":false,"hasBreadcrumb":true},"homeUrl":"https:\/\/www.ginarte.com\/pt-br\/","objectID":18087,"objectType":"post","locale":"pt","localeFull":"pt_BR","overlayImages":{"play":{"name":"\u00cdcone reproduzir","url":"https:\/\/www.ginarte.com\/wp-content\/plugins\/seo-by-rank-math\/assets\/admin\/img\/icon-play.png","path":"\/nas\/content\/live\/ginarte\/wp-content\/plugins\/seo-by-rank-math\/assets\/admin\/img\/icon-play.png","position":"middle_center"},"gif":{"name":"\u00cdcone GIF","url":"https:\/\/www.ginarte.com\/wp-content\/plugins\/seo-by-rank-math\/assets\/admin\/img\/icon-gif.png","path":"\/nas\/content\/live\/ginarte\/wp-content\/plugins\/seo-by-rank-math\/assets\/admin\/img\/icon-gif.png","position":"middle_center"}},"defautOgImage":"https:\/\/www.ginarte.com\/wp-content\/uploads\/2021\/11\/18753879-1634657317247-0a90ae0a2b953-scaled.jpg","customPermalinks":true,"isUserRegistered":false,"autoSuggestKeywords":false,"connectSiteUrl":"https:\/\/rankmath.com\/auth?site=https%3A%2F%2Fwww.ginarte.com%2Fpt-br%2F&r=https%3A%2F%2Fwww.ginarte.com%2Fpt-br%2Fwp-json%2Fwp%2Fv2%2Fpages%2F18087%3Fnonce%3D324225b36c","maxTags":5,"trendsIcon":"<svg viewBox=\"0 0 610 610\"><path d=\"M18.85,446,174.32,290.48l58.08,58.08L76.93,504a14.54,14.54,0,0,1-20.55,0L18.83,466.48a14.54,14.54,0,0,1,0-20.55Z\" style=\"fill:#4285f4\"\/><path d=\"M242.65,242.66,377.59,377.6l-47.75,47.75a14.54,14.54,0,0,1-20.55,0L174.37,290.43l47.75-47.75A14.52,14.52,0,0,1,242.65,242.66Z\" style=\"fill:#ea4335\"\/><polygon points=\"319.53 319.53 479.26 159.8 537.34 217.88 377.61 377.62 319.53 319.53\" style=\"fill:#fabb05\"\/><path d=\"M594.26,262.73V118.61h0a16.94,16.94,0,0,0-16.94-16.94H433.2a16.94,16.94,0,0,0-12,28.92L565.34,274.71h0a16.94,16.94,0,0,0,28.92-12Z\" style=\"fill:#34a853\"\/><rect width=\"610\" height=\"610\" style=\"fill:none\"\/><\/svg>","showScore":true,"siteFavIcon":"https:\/\/www.ginarte.com\/wp-content\/uploads\/2021\/09\/cropped-icon-Ginarte-32x32.jpg","canUser":{"general":false,"advanced":false,"snippet":false,"social":false,"analysis":false,"analytics":false,"content_ai":false},"isPro":false,"is_front_page":false,"trendsUpgradeLink":"https:\/\/rankmath.com\/pricing\/?utm_source=Plugin&utm_medium=CE%20General%20Tab%20Trends&utm_campaign=WP","trendsUpgradeLabel":"Atualizar","trendsPreviewImage":"https:\/\/www.ginarte.com\/wp-content\/plugins\/seo-by-rank-math\/assets\/admin\/img\/trends-preview.jpg","currentEditor":false,"homepageData":{"assessor":{"powerWords":[],"diacritics":true,"researchesTests":["contentHasTOC","contentHasShortParagraphs","contentHasAssets","keywordInTitle","keywordInMetaDescription","keywordInPermalink","keywordIn10Percent","keywordInContent","keywordInSubheadings","keywordInImageAlt","keywordDensity","keywordNotUsed","lengthContent","lengthPermalink","linksHasInternal","linksHasExternals","linksNotAllExternals","titleStartWithKeyword","titleSentiment","titleHasPowerWords","titleHasNumber","hasContentAI"],"hasBreadcrumb":true,"serpData":{"title":"Personal Injury Attorneys | Serving New York & New Jersey","description":"The experienced attorneys at Ginarte Gallardo Gonzalez &amp; Winograd, LLP are here to help with your personal injury and workers compensation cases. Serving New York and New Jersey.","titleTemplate":"%sitename% %page% %sep% %sitedesc%","descriptionTemplate":"","focusKeywords":"","breadcrumbTitle":"Home","robots":{"index":true},"advancedRobots":{"max-snippet":"-1","max-video-preview":"-1","max-image-preview":"large"},"facebookTitle":"Ginarte Gallardo Gonzalez & Winograd, L.L.P.","facebookDescription":"The experienced attorneys at Ginarte Gallardo Gonzalez &amp; Winograd, LLP are here to help with your personal injury and workers compensation cases. Serving New York and New Jersey.","facebookImage":"","facebookImageID":""}}},"tocTitle":"Table of Contents","tocExcludeHeadings":[],"listStyle":"ul"},"_links":{"self":[{"href":"https:\/\/www.ginarte.com\/pt-br\/wp-json\/wp\/v2\/pages\/18087"}],"collection":[{"href":"https:\/\/www.ginarte.com\/pt-br\/wp-json\/wp\/v2\/pages"}],"about":[{"href":"https:\/\/www.ginarte.com\/pt-br\/wp-json\/wp\/v2\/types\/page"}],"author":[{"embeddable":true,"href":"https:\/\/www.ginarte.com\/pt-br\/wp-json\/wp\/v2\/users\/2"}],"replies":[{"embeddable":true,"href":"https:\/\/www.ginarte.com\/pt-br\/wp-json\/wp\/v2\/comments?post=18087"}],"version-history":[{"count":0,"href":"https:\/\/www.ginarte.com\/pt-br\/wp-json\/wp\/v2\/pages\/18087\/revisions"}],"wp:attachment":[{"href":"https:\/\/www.ginarte.com\/pt-br\/wp-json\/wp\/v2\/media?parent=18087"}],"curies":[{"name":"wp","href":"https:\/\/api.w.org\/{rel}","templated":true}]}}