{"id":25607,"date":"2021-12-06T21:45:02","date_gmt":"2021-12-06T21:45:02","guid":{"rendered":"https:\/\/www.ginarte.com\/es\/?page_id=25607"},"modified":"2021-12-13T15:46:52","modified_gmt":"2021-12-13T15:46:52","slug":"queens","status":"publish","type":"page","link":"https:\/\/www.ginarte.com\/es\/oficinas\/queens\/","title":{"rendered":"Abogados en Queens"},"content":{"rendered":"<h1><span style=\"font-weight: 400;\">Abogados en Queens, New York<\/span><\/h1>\n<p><span style=\"font-weight: 400;\">El condado de Queens es el distrito metropolitano m\u00e1s grande de los 5 que conforman la ciudad de New York en los Estados Unidos. Para el a\u00f1o 2017, este distrito contaba con una <\/span><b>poblaci\u00f3n total de 2.358.582 habitantes<\/b><span style=\"font-weight: 400;\">, registrando para ese entonces su m\u00e1ximo hist\u00f3rico y convirti\u00e9ndose en el segundo distrito m\u00e1s poblado de la ciudad.<\/span><\/p>\n<p><span style=\"font-weight: 400;\">Una de las principales caracter\u00edsticas que suelen definir al condado de Queens es que, entre esta cantidad de poblaci\u00f3n que reside y trabaja en el distrito, es posible encontrar una gran variedad de culturas de diferentes pa\u00edses. De hecho, Queens es considerado el<\/span><b> condado m\u00e1s \u00e9tnicamente diverso del mundo.<\/b><\/p>\n<p><span style=\"font-weight: 400;\">Todas estas caracter\u00edsticas lo hacen uno de los distritos m\u00e1s importantes de la ciudad de New York, pero tambi\u00e9n en un lugar en el que, con tantos habitantes, es muy probable ser v\u00edctima de alg\u00fan tipo de accidente que genere lesiones personales.<\/span><\/p>\n<p><span style=\"font-weight: 400;\">Por suerte, en Queens puedes contar con los abogados de accidentes del <\/span><a href=\"https:\/\/www.ginarte.com\/es\/nuestros-abogados\/\"><span style=\"font-weight: 400;\">bufete Ginarte<\/span><\/a><span style=\"font-weight: 400;\">, quienes conocen muy bien los reglamentos del distrito y sabr\u00e1n c\u00f3mo actuar legalmente para que ganes tu <\/span><b>caso de accidente en Queens<\/b><span style=\"font-weight: 400;\">, e incluso recibas los beneficios que te correspondan seg\u00fan la ley.<\/span><\/p>\n<h2><span style=\"font-weight: 400;\">Servicios que ofrecemos en Queens, New York<\/span><\/h2>\n<p><span style=\"font-weight: 400;\">Si sufres alg\u00fan tipo de accidente en el distrito de Queens, New York, no tienes porqu\u00e9 preocuparte. Lo importante es que puedas contar con la asesor\u00eda legal adecuada, para que tus derechos como v\u00edctima se hagan valer y puedas disfrutar de los<\/span><b> beneficios que la ley establece, seg\u00fan las caracter\u00edsticas de tu caso.<\/b><\/p>\n<p><span style=\"font-weight: 400;\">No importa el tipo de accidente que hayas sufrido, en el bufete del abogado Ginarte contamos con un gran equipo de abogados profesionales que se encargar\u00e1n de brindarte justo el servicio que necesitas, ya sea que se trate de un <\/span><a href=\"https:\/\/www.ginarte.com\/es\/areas-de-practica\/accidentes-de-construccion\/\"><span style=\"font-weight: 400;\">accidente de construcci\u00f3n<\/span><\/a><span style=\"font-weight: 400;\">, de <\/span><a href=\"https:\/\/www.ginarte.com\/es\/areas-de-practica\/compensacion-del-trabajador\/peligros-de-oficios\/\"><span style=\"font-weight: 400;\">trabajo<\/span><\/a><span style=\"font-weight: 400;\">, o incluso <\/span><a href=\"https:\/\/www.ginarte.com\/es\/areas-de-practica\/danos-y-heridas-personales\/accidentes-automovilisticos\/\"><span style=\"font-weight: 400;\">accidentes vehiculares<\/span><\/a><span style=\"font-weight: 400;\">.<\/span><\/p>\n<h2><span style=\"font-weight: 400;\">Nuestra cobertura en Queens<\/span><\/h2>\n<p><span style=\"font-weight: 400;\">Sabemos lo importante que es contar con un abogado cercano a ti cuando m\u00e1s lo necesites. Por eso, en el bufete Ginarte contamos con una <\/span><b>oficina en el distrito de Queens, New York,<\/b><span style=\"font-weight: 400;\"> a la que puedes acudir siempre que necesites de nuestros servicios.<\/span><\/p>\n<p><span style=\"font-weight: 400;\">Estamos ubicados en la siguiente direcci\u00f3n:<\/span><\/p>\n<ul>\n<li style=\"font-weight: 400;\" aria-level=\"1\"><b>Oficina Ginarte en Queens, NY<\/b><span style=\"font-weight: 400;\">: 103-24 Roosevelt Avenue Piso 2 Corona, NY 11368 (718) 925-6040<\/span><\/li>\n<\/ul>\n<p><iframe data-aspectratio=\"600\/450\" loading=\"lazy\" style=\"border: 0;\" data-src=\"https:\/\/www.google.com\/maps\/embed?pb=!1m18!1m12!1m3!1d3022.564765415813!2d-73.86408918572373!3d40.749601543253306!2m3!1f0!2f0!3f0!3m2!1i1024!2i768!4f13.1!3m3!1m2!1s0x89c25fc6502fa7dd%3A0xc4e8d20deddb03ff!2s103-24%20Roosevelt%20Ave%202nd%20Fl%2C%20Flushing%2C%20NY%2011368%2C%20EE.%20UU.!5e0!3m2!1ses!2sco!4v1638827084320!5m2!1ses!2sco\" width=\"600\" height=\"450\" allowfullscreen=\"allowfullscreen\" class=\"lazyload\"><\/iframe><noscript><iframe loading=\"lazy\" style=\"border: 0;\" src=\"https:\/\/www.google.com\/maps\/embed?pb=!1m18!1m12!1m3!1d3022.564765415813!2d-73.86408918572373!3d40.749601543253306!2m3!1f0!2f0!3f0!3m2!1i1024!2i768!4f13.1!3m3!1m2!1s0x89c25fc6502fa7dd%3A0xc4e8d20deddb03ff!2s103-24%20Roosevelt%20Ave%202nd%20Fl%2C%20Flushing%2C%20NY%2011368%2C%20EE.%20UU.!5e0!3m2!1ses!2sco!4v1638827084320!5m2!1ses!2sco\" width=\"600\" height=\"450\" allowfullscreen=\"allowfullscreen\"><\/iframe><\/noscript><\/p>\n<p><span style=\"font-weight: 400;\">En esta oficina eres bienvenido siempre que necesites asesor\u00eda legal si sufriste un accidente en Queens. All\u00ed podr\u00e1s conversar con nuestros abogados y conocer cu\u00e1les son tus<\/span><b> derechos como v\u00edctima,<\/b><span style=\"font-weight: 400;\"> as\u00ed como el proceso legal adecuado para que se hagan cumplir ante la ley del distrito.<\/span><\/p>\n<h2><span style=\"font-weight: 400;\">\u00bfCu\u00e1les son los accidentes m\u00e1s comunes en Queens, NY?<\/span><\/h2>\n<p><span style=\"font-weight: 400;\">El distrito de Queens, New York, adem\u00e1s de poseer una gran diversidad \u00e9tnica, tambi\u00e9n es fuente de muchos de los<\/span><b> accidentes que se reportan en la zona metropolitana de New York, <\/b><span style=\"font-weight: 400;\">muchos de los cuales pueden llegar a causar lesiones graves en sus v\u00edctimas.<\/span><\/p>\n<p><span style=\"font-weight: 400;\">Algunos de los accidentes en Queens m\u00e1s comunes, son los siguientes:<\/span><\/p>\n<ol>\n<li style=\"font-weight: 400;\" aria-level=\"1\"><b>Accidentes de trabajo<\/b><span style=\"font-weight: 400;\">: Estos engloban a todos aquellos accidentes que ocurren en el sector laboral y que generan lesiones al trabajador, ligadas directamente con sus actividades laborales. Si eres v\u00edctima de este tipo de accidente, hay beneficios a los que puedes optar, como por ejemplo una compensaci\u00f3n laboral.<\/span><\/li>\n<li style=\"font-weight: 400;\" aria-level=\"1\"><b>Accidentes de tr\u00e1nsito<\/b><span style=\"font-weight: 400;\">: Son los m\u00e1s comunes, no solo en Queens, sino en todo el pa\u00eds. En estos casos es importante la investigaci\u00f3n de un abogado de accidentes, para as\u00ed determinar las responsabilidades y reclamar legalmente una indemnizaci\u00f3n por los da\u00f1os causados.<\/span><\/li>\n<li style=\"font-weight: 400;\" aria-level=\"1\"><b>Accidentes de construcci\u00f3n<\/b><span style=\"font-weight: 400;\">: Al tratarse de uno de los sectores laborales en el que mayor riesgo corren los trabajadores, es normal que se encuentre entre los accidentes en Queens m\u00e1s comunes. En estos casos tambi\u00e9n existen diversos beneficios que por ley puede recibir y que puedes pelear judicialmente con un abogado de accidentes.<\/span><\/li>\n<\/ol>\n<p><span style=\"font-weight: 400;\">Si sufres cualquiera de estos<\/span><b> accidentes en Queens, New York,<\/b><span style=\"font-weight: 400;\"> o alg\u00fan otro hecho que te haya causado lesiones personales, nuestros abogados pueden guiarte por el camino legalmente correcto y brindarte el servicio de defensa adecuado, para que consigas el \u00e9xito en tu caso.<\/span><\/p>\n<p><strong>\u00bfAccidentes en Queens, New York? Ginarte puede ayudarte<\/strong><\/p>\n<p><span style=\"font-weight: 400;\">No importa el tipo de accidente que hayas sufrido, en el bufete del abogado Ginarte contamos con m\u00e1s de <\/span><b>150 a\u00f1os de experiencia acumulada en este sector,<\/b><span style=\"font-weight: 400;\"> por lo que conocemos muy bien el marco legal y las normas que te defienden como v\u00edctima.<\/span><\/p>\n<p><span style=\"font-weight: 400;\">Agenda tu cita gratis con nuestros abogados de accidentes en Queens, llamando al <\/span><b><a href=\"tel:18884462783\">1-888-GINARTE <\/a><\/b>e<b><span style=\"font-weight: 400;\">scr\u00edbenos por <a href=\"https:\/\/api.whatsapp.com\/send?phone=19738038972&amp;text=Hola%20Ginarte,%20\u00a1quiero%20recibir%20ayuda%20legal\" target=\"_blank\" rel=\"nofollow noopener\">WhatsApp<\/a>\u00a0o llena nuestro <a href=\"https:\/\/www.ginarte.com\/es\/contact-es\/\" target=\"_blank\" rel=\"nofollow noopener\">formulario en l\u00ednea.<\/a><\/span><\/b><span style=\"font-weight: 400;\">\u00a0Nuestras consultas son gratis y no pagar\u00e1s nada si no ganas tu caso. Llama hoy y empecemos a trabajar en tu caso.<\/span><\/p>\n<p>&nbsp;<\/p>\n","protected":false},"excerpt":{"rendered":"<p>Abogados en Queens, New York El condado de Queens es el distrito metropolitano m\u00e1s grande de los 5 que conforman la ciudad de New York en los Estados Unidos. Para el a\u00f1o 2017, este distrito contaba con una poblaci\u00f3n total de 2.358.582 habitantes, registrando para ese entonces su m\u00e1ximo hist\u00f3rico y convirti\u00e9ndose en el segundo [&hellip;]<\/p>\n","protected":false},"author":12,"featured_media":0,"parent":25659,"menu_order":0,"comment_status":"closed","ping_status":"closed","template":"","meta":{"_acf_changed":false,"rank_math_lock_modified_date":false,"_genesis_hide_title":false,"_genesis_hide_breadcrumbs":false,"_genesis_hide_singular_image":false,"_genesis_hide_footer_widgets":false,"_genesis_custom_body_class":"","_genesis_custom_post_class":"","_genesis_layout":"","footnotes":""},"class_list":{"0":"post-25607","1":"page","2":"type-page","3":"status-publish","5":"entry"},"acf":[],"rankMath":{"parentDomain":"www.ginarte.com","noFollowDomains":[],"noFollowExcludeDomains":[],"noFollowExternalLinks":true,"featuredImageNotice":"La imagen destacada debe tener al menos 200 por 200 p\u00edxeles para que Facebook y otros sitios de redes sociales puedan escogerla.","pluginReviewed":false,"postSettings":{"linkSuggestions":true,"useFocusKeyword":false},"frontEndScore":false,"postName":"queens","permalinkFormat":"https:\/\/www.ginarte.com\/es\/%pagename%\/","showLockModifiedDate":true,"assessor":{"focusKeywordLink":"https:\/\/www.ginarte.com\/wp-admin\/edit.php?focus_keyword=%focus_keyword%&post_type=%post_type%","hasTOCPlugin":false,"primaryTaxonomy":false,"serpData":{"title":"","description":"","focusKeywords":"","pillarContent":false,"canonicalUrl":"","breadcrumbTitle":"","advancedRobots":{"max-snippet":"-1","max-video-preview":"-1","max-image-preview":"large"},"facebookTitle":"","facebookDescription":"","facebookImage":"","facebookImageID":"","facebookHasOverlay":false,"facebookImageOverlay":"","facebookAuthor":"","twitterCardType":"","twitterUseFacebook":true,"twitterTitle":"","twitterDescription":"","twitterImage":"","twitterImageID":"","twitterHasOverlay":false,"twitterImageOverlay":"","twitterPlayerUrl":"","twitterPlayerSize":"","twitterPlayerStream":"","twitterPlayerStreamCtype":"","twitterAppDescription":"","twitterAppIphoneName":"","twitterAppIphoneID":"","twitterAppIphoneUrl":"","twitterAppIpadName":"","twitterAppIpadID":"","twitterAppIpadUrl":"","twitterAppGoogleplayName":"","twitterAppGoogleplayID":"","twitterAppGoogleplayUrl":"","twitterAppCountry":"","robots":{"index":true},"twitterAuthor":"Ginarte_Law","primaryTerm":0,"authorName":"tomato24","titleTemplate":"%title% %page% %sep% %sitename%","descriptionTemplate":"%excerpt%","showScoreFrontend":true,"lockModifiedDate":false},"powerWords":["incre\u00edble","asombroso","maravilloso","\u00fanico","hermoso","felicidad","brillante","cautivador","carism\u00e1tico","impactante","claro","completamente","confidencial","confianza","significativo","creativo","definitivamente","delicioso","demostrar","apres\u00farate","decidido","digno","din\u00e1mico","impresionante","esencial","inspirador","innovador","intenso","eficaz","m\u00e1gico","magn\u00edfico","hist\u00f3rico","importante","incre\u00edble","indispensable","inolvidable","irresistible","legendario","luminoso","lujo","m\u00e1gico","magn\u00edfico","majestuoso","memorable","maravilloso","milagroso","motivador","necesario","nuevo","oficial","perfecto","apasionado","persuasivo","fenomenal","placer","popular","poder","prestigioso","prodigioso","profundo","pr\u00f3spero","poderoso","calidad","radiante","r\u00e1pido","exitoso","revolucionario","satisfecho","seguridad","sensacional","sereno","suntuoso","espl\u00e9ndido","sublime","sorprendente","talentoso","terror\u00edfico","\u00fanico","valor","vibrante","victorioso","vivo","verdaderamente","celoso","aut\u00e9ntico","aventurero","espectacular","exclusivo","garantizado","extraordinario","fabuloso","fascinante","formidable","genial","grandioso","gratuito","h\u00e1bil","ilimitado","impecable","infalible","infinitamente","influyente","ingenioso","inolvidable","irremplazable","l\u00edder","maestro","notable","novedoso","pionero","poderoso","reconocido","revolucionario","sorprendente","superior","triunfante","ultra","valiente","valioso","vanguardista","vigoroso","visionario","voluntad","vital","triunfo","glorioso","imparable","inigualable","inteligente","invencible","libertad","orgullo","paz","progreso","renovado","sabidur\u00eda","satisfacci\u00f3n","seguro","serenidad","superaci\u00f3n","talento","transcendente","transformador","valent\u00eda","victoria"],"diacritics":{"A":"[\\u0041\\u24B6\\uFF21\\u00C0\\u00C1\\u00C2\\u1EA6\\u1EA4\\u1EAA\\u1EA8\\u00C3\\u0100\\u0102\\u1EB0\\u1EAE\\u1EB4\\u1EB2\\u0226\\u01E0\\u00C4\\u01DE\\u1EA2\\u00C5\\u01FA\\u01CD\\u0200\\u0202\\u1EA0\\u1EAC\\u1EB6\\u1E00\\u0104\\u023A\\u2C6F]","AA":"[\\uA732]","AE":"[\\u00C6\\u01FC\\u01E2]","AO":"[\\uA734]","AU":"[\\uA736]","AV":"[\\uA738\\uA73A]","AY":"[\\uA73C]","B":"[\\u0042\\u24B7\\uFF22\\u1E02\\u1E04\\u1E06\\u0243\\u0182\\u0181]","C":"[\\u0043\\u24B8\\uFF23\\u0106\\u0108\\u010A\\u010C\\u00C7\\u1E08\\u0187\\u023B\\uA73E]","D":"[\\u0044\\u24B9\\uFF24\\u1E0A\\u010E\\u1E0C\\u1E10\\u1E12\\u1E0E\\u0110\\u018B\\u018A\\u0189\\uA779]","DZ":"[\\u01F1\\u01C4]","Dz":"[\\u01F2\\u01C5]","E":"[\\u0045\\u24BA\\uFF25\\u00C8\\u00C9\\u00CA\\u1EC0\\u1EBE\\u1EC4\\u1EC2\\u1EBC\\u0112\\u1E14\\u1E16\\u0114\\u0116\\u00CB\\u1EBA\\u011A\\u0204\\u0206\\u1EB8\\u1EC6\\u0228\\u1E1C\\u0118\\u1E18\\u1E1A\\u0190\\u018E]","F":"[\\u0046\\u24BB\\uFF26\\u1E1E\\u0191\\uA77B]","G":"[\\u0047\\u24BC\\uFF27\\u01F4\\u011C\\u1E20\\u011E\\u0120\\u01E6\\u0122\\u01E4\\u0193\\uA7A0\\uA77D\\uA77E]","H":"[\\u0048\\u24BD\\uFF28\\u0124\\u1E22\\u1E26\\u021E\\u1E24\\u1E28\\u1E2A\\u0126\\u2C67\\u2C75\\uA78D]","I":"[\\u0049\\u24BE\\uFF29\\u00CC\\u00CD\\u00CE\\u0128\\u012A\\u012C\\u0130\\u00CF\\u1E2E\\u1EC8\\u01CF\\u0208\\u020A\\u1ECA\\u012E\\u1E2C\\u0197]","J":"[\\u004A\\u24BF\\uFF2A\\u0134\\u0248]","K":"[\\u004B\\u24C0\\uFF2B\\u1E30\\u01E8\\u1E32\\u0136\\u1E34\\u0198\\u2C69\\uA740\\uA742\\uA744\\uA7A2]","L":"[\\u004C\\u24C1\\uFF2C\\u013F\\u0139\\u013D\\u1E36\\u1E38\\u013B\\u1E3C\\u1E3A\\u0141\\u023D\\u2C62\\u2C60\\uA748\\uA746\\uA780]","LJ":"[\\u01C7]","Lj":"[\\u01C8]","M":"[\\u004D\\u24C2\\uFF2D\\u1E3E\\u1E40\\u1E42\\u2C6E\\u019C]","N":"[\\u004E\\u24C3\\uFF2E\\u01F8\\u0143\\u00D1\\u1E44\\u0147\\u1E46\\u0145\\u1E4A\\u1E48\\u0220\\u019D\\uA790\\uA7A4]","NJ":"[\\u01CA]","Nj":"[\\u01CB]","O":"[\\u004F\\u24C4\\uFF2F\\u00D2\\u00D3\\u00D4\\u1ED2\\u1ED0\\u1ED6\\u1ED4\\u00D5\\u1E4C\\u022C\\u1E4E\\u014C\\u1E50\\u1E52\\u014E\\u022E\\u0230\\u00D6\\u022A\\u1ECE\\u0150\\u01D1\\u020C\\u020E\\u01A0\\u1EDC\\u1EDA\\u1EE0\\u1EDE\\u1EE2\\u1ECC\\u1ED8\\u01EA\\u01EC\\u00D8\\u01FE\\u0186\\u019F\\uA74A\\uA74C]","OI":"[\\u01A2]","OO":"[\\uA74E]","OU":"[\\u0222]","P":"[\\u0050\\u24C5\\uFF30\\u1E54\\u1E56\\u01A4\\u2C63\\uA750\\uA752\\uA754]","Q":"[\\u0051\\u24C6\\uFF31\\uA756\\uA758\\u024A]","R":"[\\u0052\\u24C7\\uFF32\\u0154\\u1E58\\u0158\\u0210\\u0212\\u1E5A\\u1E5C\\u0156\\u1E5E\\u024C\\u2C64\\uA75A\\uA7A6\\uA782]","S":"[\\u0053\\u24C8\\uFF33\\u1E9E\\u015A\\u1E64\\u015C\\u1E60\\u0160\\u1E66\\u1E62\\u1E68\\u0218\\u015E\\u2C7E\\uA7A8\\uA784]","T":"[\\u0054\\u24C9\\uFF34\\u1E6A\\u0164\\u1E6C\\u021A\\u0162\\u1E70\\u1E6E\\u0166\\u01AC\\u01AE\\u023E\\uA786]","TZ":"[\\uA728]","U":"[\\u0055\\u24CA\\uFF35\\u00D9\\u00DA\\u00DB\\u0168\\u1E78\\u016A\\u1E7A\\u016C\\u00DC\\u01DB\\u01D7\\u01D5\\u01D9\\u1EE6\\u016E\\u0170\\u01D3\\u0214\\u0216\\u01AF\\u1EEA\\u1EE8\\u1EEE\\u1EEC\\u1EF0\\u1EE4\\u1E72\\u0172\\u1E76\\u1E74\\u0244]","V":"[\\u0056\\u24CB\\uFF36\\u1E7C\\u1E7E\\u01B2\\uA75E\\u0245]","VY":"[\\uA760]","W":"[\\u0057\\u24CC\\uFF37\\u1E80\\u1E82\\u0174\\u1E86\\u1E84\\u1E88\\u2C72]","X":"[\\u0058\\u24CD\\uFF38\\u1E8A\\u1E8C]","Y":"[\\u0059\\u24CE\\uFF39\\u1EF2\\u00DD\\u0176\\u1EF8\\u0232\\u1E8E\\u0178\\u1EF6\\u1EF4\\u01B3\\u024E\\u1EFE]","Z":"[\\u005A\\u24CF\\uFF3A\\u0179\\u1E90\\u017B\\u017D\\u1E92\\u1E94\\u01B5\\u0224\\u2C7F\\u2C6B\\uA762]","a":"[\\u0061\\u24D0\\uFF41\\u1E9A\\u00E0\\u00E1\\u00E2\\u1EA7\\u1EA5\\u1EAB\\u1EA9\\u00E3\\u0101\\u0103\\u1EB1\\u1EAF\\u1EB5\\u1EB3\\u0227\\u01E1\\u00E4\\u01DF\\u1EA3\\u00E5\\u01FB\\u01CE\\u0201\\u0203\\u1EA1\\u1EAD\\u1EB7\\u1E01\\u0105\\u2C65\\u0250]","aa":"[\\uA733]","ae":"[\\u00E6\\u01FD\\u01E3]","ao":"[\\uA735]","au":"[\\uA737]","av":"[\\uA739\\uA73B]","ay":"[\\uA73D]","b":"[\\u0062\\u24D1\\uFF42\\u1E03\\u1E05\\u1E07\\u0180\\u0183\\u0253]","c":"[\\u0063\\u24D2\\uFF43\\u0107\\u0109\\u010B\\u010D\\u00E7\\u1E09\\u0188\\u023C\\uA73F\\u2184]","d":"[\\u0064\\u24D3\\uFF44\\u1E0B\\u010F\\u1E0D\\u1E11\\u1E13\\u1E0F\\u0111\\u018C\\u0256\\u0257\\uA77A]","dz":"[\\u01F3\\u01C6]","e":"[\\u0065\\u24D4\\uFF45\\u00E8\\u00E9\\u00EA\\u1EC1\\u1EBF\\u1EC5\\u1EC3\\u1EBD\\u0113\\u1E15\\u1E17\\u0115\\u0117\\u00EB\\u1EBB\\u011B\\u0205\\u0207\\u1EB9\\u1EC7\\u0229\\u1E1D\\u0119\\u1E19\\u1E1B\\u0247\\u025B\\u01DD]","f":"[\\u0066\\u24D5\\uFF46\\u1E1F\\u0192\\uA77C]","g":"[\\u0067\\u24D6\\uFF47\\u01F5\\u011D\\u1E21\\u011F\\u0121\\u01E7\\u0123\\u01E5\\u0260\\uA7A1\\u1D79\\uA77F]","h":"[\\u0068\\u24D7\\uFF48\\u0125\\u1E23\\u1E27\\u021F\\u1E25\\u1E29\\u1E2B\\u1E96\\u0127\\u2C68\\u2C76\\u0265]","hv":"[\\u0195]","i":"[\\u0069\\u24D8\\uFF49\\u00EC\\u00ED\\u00EE\\u0129\\u012B\\u012D\\u00EF\\u1E2F\\u1EC9\\u01D0\\u0209\\u020B\\u1ECB\\u012F\\u1E2D\\u0268\\u0131]","j":"[\\u006A\\u24D9\\uFF4A\\u0135\\u01F0\\u0249]","k":"[\\u006B\\u24DA\\uFF4B\\u1E31\\u01E9\\u1E33\\u0137\\u1E35\\u0199\\u2C6A\\uA741\\uA743\\uA745\\uA7A3]","l":"[\\u006C\\u24DB\\uFF4C\\u0140\\u013A\\u013E\\u1E37\\u1E39\\u013C\\u1E3D\\u1E3B\\u017F\\u0142\\u019A\\u026B\\u2C61\\uA749\\uA781\\uA747]","lj":"[\\u01C9]","m":"[\\u006D\\u24DC\\uFF4D\\u1E3F\\u1E41\\u1E43\\u0271\\u026F]","n":"[\\u006E\\u24DD\\uFF4E\\u01F9\\u0144\\u00F1\\u1E45\\u0148\\u1E47\\u0146\\u1E4B\\u1E49\\u019E\\u0272\\u0149\\uA791\\uA7A5]","nj":"[\\u01CC]","o":"[\\u006F\\u24DE\\uFF4F\\u00F2\\u00F3\\u00F4\\u1ED3\\u1ED1\\u1ED7\\u1ED5\\u00F5\\u1E4D\\u022D\\u1E4F\\u014D\\u1E51\\u1E53\\u014F\\u022F\\u0231\\u00F6\\u022B\\u1ECF\\u0151\\u01D2\\u020D\\u020F\\u01A1\\u1EDD\\u1EDB\\u1EE1\\u1EDF\\u1EE3\\u1ECD\\u1ED9\\u01EB\\u01ED\\u00F8\\u01FF\\u0254\\uA74B\\uA74D\\u0275]","oi":"[\\u01A3]","ou":"[\\u0223]","oo":"[\\uA74F]","p":"[\\u0070\\u24DF\\uFF50\\u1E55\\u1E57\\u01A5\\u1D7D\\uA751\\uA753\\uA755]","q":"[\\u0071\\u24E0\\uFF51\\u024B\\uA757\\uA759]","r":"[\\u0072\\u24E1\\uFF52\\u0155\\u1E59\\u0159\\u0211\\u0213\\u1E5B\\u1E5D\\u0157\\u1E5F\\u024D\\u027D\\uA75B\\uA7A7\\uA783]","s":"[\\u0073\\u24E2\\uFF53\\u015B\\u1E65\\u015D\\u1E61\\u0161\\u1E67\\u1E63\\u1E69\\u0219\\u015F\\u023F\\uA7A9\\uA785\\u1E9B]","ss":"[\\u00DF]","t":"[\\u0074\\u24E3\\uFF54\\u1E6B\\u1E97\\u0165\\u1E6D\\u021B\\u0163\\u1E71\\u1E6F\\u0167\\u01AD\\u0288\\u2C66\\uA787]","tz":"[\\uA729]","u":"[\\u0075\\u24E4\\uFF55\\u00F9\\u00FA\\u00FB\\u0169\\u1E79\\u016B\\u1E7B\\u016D\\u00FC\\u01DC\\u01D8\\u01D6\\u01DA\\u1EE7\\u016F\\u0171\\u01D4\\u0215\\u0217\\u01B0\\u1EEB\\u1EE9\\u1EEF\\u1EED\\u1EF1\\u1EE5\\u1E73\\u0173\\u1E77\\u1E75\\u0289]","v":"[\\u0076\\u24E5\\uFF56\\u1E7D\\u1E7F\\u028B\\uA75F\\u028C]","vy":"[\\uA761]","w":"[\\u0077\\u24E6\\uFF57\\u1E81\\u1E83\\u0175\\u1E87\\u1E85\\u1E98\\u1E89\\u2C73]","x":"[\\u0078\\u24E7\\uFF58\\u1E8B\\u1E8D]","y":"[\\u0079\\u24E8\\uFF59\\u1EF3\\u00FD\\u0177\\u1EF9\\u0233\\u1E8F\\u00FF\\u1EF7\\u1E99\\u1EF5\\u01B4\\u024F\\u1EFF]","z":"[\\u007A\\u24E9\\uFF5A\\u017A\\u1E91\\u017C\\u017E\\u1E93\\u1E95\\u01B6\\u0225\\u0240\\u2C6C\\uA763]"},"researchesTests":["contentHasTOC","contentHasShortParagraphs","contentHasAssets","keywordInTitle","keywordInMetaDescription","keywordInPermalink","keywordIn10Percent","keywordInContent","keywordInSubheadings","keywordInImageAlt","keywordDensity","keywordNotUsed","lengthContent","lengthPermalink","linksHasInternal","linksHasExternals","linksNotAllExternals","titleStartWithKeyword","titleSentiment","titleHasPowerWords","titleHasNumber","hasContentAI"],"hasRedirection":false,"hasBreadcrumb":true},"homeUrl":"https:\/\/www.ginarte.com\/es\/","objectID":25607,"objectType":"post","locale":"es","localeFull":"es_ES","overlayImages":{"play":{"name":"Icono de reproducci\u00f3n","url":"https:\/\/www.ginarte.com\/wp-content\/plugins\/seo-by-rank-math\/assets\/admin\/img\/icon-play.png","path":"\/nas\/content\/live\/ginarte\/wp-content\/plugins\/seo-by-rank-math\/assets\/admin\/img\/icon-play.png","position":"middle_center"},"gif":{"name":"Icono GIF","url":"https:\/\/www.ginarte.com\/wp-content\/plugins\/seo-by-rank-math\/assets\/admin\/img\/icon-gif.png","path":"\/nas\/content\/live\/ginarte\/wp-content\/plugins\/seo-by-rank-math\/assets\/admin\/img\/icon-gif.png","position":"middle_center"}},"defautOgImage":"https:\/\/www.ginarte.com\/wp-content\/uploads\/2021\/11\/18753879-1634657317247-0a90ae0a2b953-scaled.jpg","customPermalinks":true,"isUserRegistered":false,"autoSuggestKeywords":false,"connectSiteUrl":"https:\/\/rankmath.com\/auth?site=https%3A%2F%2Fwww.ginarte.com%2Fes%2F&r=https%3A%2F%2Fwww.ginarte.com%2Fes%2Fwp-json%2Fwp%2Fv2%2Fpages%2F25607%3Fnonce%3D5a2f0f411e","maxTags":5,"trendsIcon":"<svg viewBox=\"0 0 610 610\"><path d=\"M18.85,446,174.32,290.48l58.08,58.08L76.93,504a14.54,14.54,0,0,1-20.55,0L18.83,466.48a14.54,14.54,0,0,1,0-20.55Z\" style=\"fill:#4285f4\"\/><path d=\"M242.65,242.66,377.59,377.6l-47.75,47.75a14.54,14.54,0,0,1-20.55,0L174.37,290.43l47.75-47.75A14.52,14.52,0,0,1,242.65,242.66Z\" style=\"fill:#ea4335\"\/><polygon points=\"319.53 319.53 479.26 159.8 537.34 217.88 377.61 377.62 319.53 319.53\" style=\"fill:#fabb05\"\/><path d=\"M594.26,262.73V118.61h0a16.94,16.94,0,0,0-16.94-16.94H433.2a16.94,16.94,0,0,0-12,28.92L565.34,274.71h0a16.94,16.94,0,0,0,28.92-12Z\" style=\"fill:#34a853\"\/><rect width=\"610\" height=\"610\" style=\"fill:none\"\/><\/svg>","showScore":true,"siteFavIcon":"https:\/\/www.ginarte.com\/wp-content\/uploads\/2021\/09\/cropped-icon-Ginarte-32x32.jpg","canUser":{"general":false,"advanced":false,"snippet":false,"social":false,"analysis":false,"analytics":false,"content_ai":false},"isPro":false,"is_front_page":false,"trendsUpgradeLink":"https:\/\/rankmath.com\/pricing\/?utm_source=Plugin&utm_medium=CE%20General%20Tab%20Trends&utm_campaign=WP","trendsUpgradeLabel":"Actualizar","trendsPreviewImage":"https:\/\/www.ginarte.com\/wp-content\/plugins\/seo-by-rank-math\/assets\/admin\/img\/trends-preview.jpg","currentEditor":false,"homepageData":{"assessor":{"powerWords":["incre\u00edble","asombroso","maravilloso","\u00fanico","hermoso","felicidad","brillante","cautivador","carism\u00e1tico","impactante","claro","completamente","confidencial","confianza","significativo","creativo","definitivamente","delicioso","demostrar","apres\u00farate","decidido","digno","din\u00e1mico","impresionante","esencial","inspirador","innovador","intenso","eficaz","m\u00e1gico","magn\u00edfico","hist\u00f3rico","importante","incre\u00edble","indispensable","inolvidable","irresistible","legendario","luminoso","lujo","m\u00e1gico","magn\u00edfico","majestuoso","memorable","maravilloso","milagroso","motivador","necesario","nuevo","oficial","perfecto","apasionado","persuasivo","fenomenal","placer","popular","poder","prestigioso","prodigioso","profundo","pr\u00f3spero","poderoso","calidad","radiante","r\u00e1pido","exitoso","revolucionario","satisfecho","seguridad","sensacional","sereno","suntuoso","espl\u00e9ndido","sublime","sorprendente","talentoso","terror\u00edfico","\u00fanico","valor","vibrante","victorioso","vivo","verdaderamente","celoso","aut\u00e9ntico","aventurero","espectacular","exclusivo","garantizado","extraordinario","fabuloso","fascinante","formidable","genial","grandioso","gratuito","h\u00e1bil","ilimitado","impecable","infalible","infinitamente","influyente","ingenioso","inolvidable","irremplazable","l\u00edder","maestro","notable","novedoso","pionero","poderoso","reconocido","revolucionario","sorprendente","superior","triunfante","ultra","valiente","valioso","vanguardista","vigoroso","visionario","voluntad","vital","triunfo","glorioso","imparable","inigualable","inteligente","invencible","libertad","orgullo","paz","progreso","renovado","sabidur\u00eda","satisfacci\u00f3n","seguro","serenidad","superaci\u00f3n","talento","transcendente","transformador","valent\u00eda","victoria"],"diacritics":true,"researchesTests":["contentHasTOC","contentHasShortParagraphs","contentHasAssets","keywordInTitle","keywordInMetaDescription","keywordInPermalink","keywordIn10Percent","keywordInContent","keywordInSubheadings","keywordInImageAlt","keywordDensity","keywordNotUsed","lengthContent","lengthPermalink","linksHasInternal","linksHasExternals","linksNotAllExternals","titleStartWithKeyword","titleSentiment","titleHasPowerWords","titleHasNumber","hasContentAI"],"hasBreadcrumb":true,"serpData":{"title":"Personal Injury Attorneys | Serving New York & New Jersey","description":"The experienced attorneys at Ginarte Gallardo Gonzalez &amp; Winograd, LLP are here to help with your personal injury and workers compensation cases. Serving New York and New Jersey.","titleTemplate":"%sitename% %page% %sep% %sitedesc%","descriptionTemplate":"","focusKeywords":"","breadcrumbTitle":"Home","robots":{"index":true},"advancedRobots":{"max-snippet":"-1","max-video-preview":"-1","max-image-preview":"large"},"facebookTitle":"Ginarte Gallardo Gonzalez & Winograd, L.L.P.","facebookDescription":"The experienced attorneys at Ginarte Gallardo Gonzalez &amp; Winograd, LLP are here to help with your personal injury and workers compensation cases. Serving New York and New Jersey.","facebookImage":"","facebookImageID":""}}},"tocTitle":"Table of Contents","tocExcludeHeadings":[],"listStyle":"ul"},"_links":{"self":[{"href":"https:\/\/www.ginarte.com\/es\/wp-json\/wp\/v2\/pages\/25607"}],"collection":[{"href":"https:\/\/www.ginarte.com\/es\/wp-json\/wp\/v2\/pages"}],"about":[{"href":"https:\/\/www.ginarte.com\/es\/wp-json\/wp\/v2\/types\/page"}],"author":[{"embeddable":true,"href":"https:\/\/www.ginarte.com\/es\/wp-json\/wp\/v2\/users\/12"}],"replies":[{"embeddable":true,"href":"https:\/\/www.ginarte.com\/es\/wp-json\/wp\/v2\/comments?post=25607"}],"version-history":[{"count":0,"href":"https:\/\/www.ginarte.com\/es\/wp-json\/wp\/v2\/pages\/25607\/revisions"}],"up":[{"embeddable":true,"href":"https:\/\/www.ginarte.com\/es\/wp-json\/wp\/v2\/pages\/25659"}],"wp:attachment":[{"href":"https:\/\/www.ginarte.com\/es\/wp-json\/wp\/v2\/media?parent=25607"}],"curies":[{"name":"wp","href":"https:\/\/api.w.org\/{rel}","templated":true}]}}